{"id":5582,"date":"2020-10-01T13:50:10","date_gmt":"2020-10-01T10:50:10","guid":{"rendered":"http:\/\/esesendustriyel.com.tr\/?post_type=product&#038;p=5582"},"modified":"2020-10-01T13:50:10","modified_gmt":"2020-10-01T10:50:10","slug":"lokma-tezgahi","status":"publish","type":"product","link":"https:\/\/esesendustriyel.com.tr\/index.php\/urun\/lokma-tezgahi\/","title":{"rendered":"Lokma Tezgah\u0131"},"content":{"rendered":"","protected":false},"excerpt":{"rendered":"<p>\u00dcr\u00fcn A\u00e7\u0131klamas\u0131<\/p>\n","protected":false},"featured_media":5583,"template":"","meta":[],"_links":{"self":[{"href":"https:\/\/esesendustriyel.com.tr\/index.php\/wp-json\/wp\/v2\/product\/5582"}],"collection":[{"href":"https:\/\/esesendustriyel.com.tr\/index.php\/wp-json\/wp\/v2\/product"}],"about":[{"href":"https:\/\/esesendustriyel.com.tr\/index.php\/wp-json\/wp\/v2\/types\/product"}],"wp:featuredmedia":[{"embeddable":true,"href":"https:\/\/esesendustriyel.com.tr\/index.php\/wp-json\/wp\/v2\/media\/5583"}],"wp:attachment":[{"href":"https:\/\/esesendustriyel.com.tr\/index.php\/wp-json\/wp\/v2\/media?parent=5582"}],"curies":[{"name":"wp","href":"https:\/\/api.w.org\/{rel}","templated":true}]}}