{"id":5508,"date":"2020-09-30T12:41:20","date_gmt":"2020-09-30T09:41:20","guid":{"rendered":"http:\/\/esesendustriyel.com.tr\/?post_type=product&#038;p=5508"},"modified":"2020-09-30T14:37:43","modified_gmt":"2020-09-30T11:37:43","slug":"pasta-dolaplari","status":"publish","type":"product","link":"https:\/\/esesendustriyel.com.tr\/index.php\/urun\/pasta-dolaplari\/","title":{"rendered":"Pasta Dolaplar\u0131"},"content":{"rendered":"","protected":false},"excerpt":{"rendered":"<p>Pasta Te\u015fhir Dolaplar\u0131 \u00dcr\u00fcn A\u00e7\u0131klamas\u0131<\/p>\n<p>&nbsp;<\/p>\n<p>&nbsp;<\/p>\n","protected":false},"featured_media":5524,"template":"","meta":[],"_links":{"self":[{"href":"https:\/\/esesendustriyel.com.tr\/index.php\/wp-json\/wp\/v2\/product\/5508"}],"collection":[{"href":"https:\/\/esesendustriyel.com.tr\/index.php\/wp-json\/wp\/v2\/product"}],"about":[{"href":"https:\/\/esesendustriyel.com.tr\/index.php\/wp-json\/wp\/v2\/types\/product"}],"wp:featuredmedia":[{"embeddable":true,"href":"https:\/\/esesendustriyel.com.tr\/index.php\/wp-json\/wp\/v2\/media\/5524"}],"wp:attachment":[{"href":"https:\/\/esesendustriyel.com.tr\/index.php\/wp-json\/wp\/v2\/media?parent=5508"}],"curies":[{"name":"wp","href":"https:\/\/api.w.org\/{rel}","templated":true}]}}